{"id":9,"date":"2019-09-02T14:10:28","date_gmt":"2019-09-02T12:10:28","guid":{"rendered":"http:\/\/panthera\/formation\/?page_id=9"},"modified":"2025-11-13T16:38:40","modified_gmt":"2025-11-13T15:38:40","slug":"accueil","status":"publish","type":"page","link":"https:\/\/www.panthera.info\/formation\/","title":{"rendered":"Accueil"},"content":{"rendered":"<p>[vc_row][vc_column]<h1 class=' text-left '><\/p>\n<h1 style=\"text-align: center;\"><strong>Nouveaux sites Internet<\/strong><\/h1>\n<p><\/h1>[vc_separator color=&#8221;white&#8221;][\/vc_column][\/vc_row][vc_row][vc_column width=&#8221;1\/3&#8243;]<div class=\"nk-image-box-1\">\r\n                    <a  href=\"http:\/\/www.panthera-formation.fr\" class=\"nk-image-box-link\"><\/a>\r\n                    <img decoding=\"async\" src=\"https:\/\/www.panthera.info\/formation\/wp-content\/uploads\/sites\/5\/2022\/10\/logo-panthera-formation-Q-dark.png\" alt=\"\" >\r\n                                      \r\n                <\/div>[vc_separator color=&#8221;white&#8221;]<div class=\" \"><h4 style=\"text-align: center;\"><a href=\"http:\/\/www.panthera-formation.fr\">www.panthera-formation.fr<\/a><\/h4>\n<\/div>[\/vc_column][vc_column width=&#8221;1\/3&#8243;][\/vc_column][vc_column width=&#8221;1\/3&#8243;]<div class=\"nk-image-box-1\">\r\n                    <a  href=\"http:\/\/www.panthera-cfa.fr\" class=\"nk-image-box-link\"><\/a>\r\n                    <img decoding=\"async\" src=\"https:\/\/www.panthera.info\/formation\/wp-content\/uploads\/sites\/5\/2022\/10\/logo-panthera-CFA-Q-black.png\" alt=\"\" >\r\n                                      \r\n                <\/div>[vc_separator color=&#8221;white&#8221;]<div class=\" \"><h4 style=\"text-align: center;\"><a href=\"http:\/\/www.panthera-cfa.fr\">www.panthera-cfa.fr<\/a><\/h4>\n<\/div>[\/vc_column][\/vc_row]<\/p>\n","protected":false},"excerpt":{"rendered":"<p>[vc_row][vc_column][vc_separator color=&#8221;white&#8221;][\/vc_column][\/vc_row][vc_row][vc_column width=&#8221;1\/3&#8243;][vc_separator color=&#8221;white&#8221;][\/vc_column][vc_column width=&#8221;1\/3&#8243;][\/vc_column][vc_column width=&#8221;1\/3&#8243;][vc_separator color=&#8221;white&#8221;][\/vc_column][\/vc_row]<\/p>\n","protected":false},"author":6,"featured_media":0,"parent":0,"menu_order":0,"comment_status":"closed","ping_status":"closed","template":"","meta":{"_bbp_topic_count":0,"_bbp_reply_count":0,"_bbp_total_topic_count":0,"_bbp_total_reply_count":0,"_bbp_voice_count":0,"_bbp_anonymous_reply_count":0,"_bbp_topic_count_hidden":0,"_bbp_reply_count_hidden":0,"_bbp_forum_subforum_count":0,"_daam_enable_autolinks":"1","footnotes":""},"class_list":["post-9","page","type-page","status-publish","hentry"],"yoast_head":"<!-- This site is optimized with the Yoast SEO plugin v23.7 - https:\/\/yoast.com\/wordpress\/plugins\/seo\/ -->\n<title>Formation s\u00e9curit\u00e9, s\u00fbret\u00e9 et s\u00e9curit\u00e9 incendie - Panthera Formation<\/title>\n<meta name=\"description\" content=\"Formez vous en s\u00e9curit\u00e9 priv\u00e9e, gestion des risques, s\u00e9curit\u00e9 incendie, m\u00e9tiers de la t\u00e9l\u00e9surveillance et a\u00e9roportuaire. Situ\u00e9 \u00e0 chamb\u00e9ry.\" \/>\n<meta name=\"robots\" content=\"index, follow, max-snippet:-1, max-image-preview:large, max-video-preview:-1\" \/>\n<link rel=\"canonical\" href=\"https:\/\/www.panthera.info\/formation\/\" \/>\n<meta property=\"og:locale\" content=\"fr_FR\" \/>\n<meta property=\"og:type\" content=\"article\" \/>\n<meta property=\"og:title\" content=\"Formation s\u00e9curit\u00e9, s\u00fbret\u00e9 et s\u00e9curit\u00e9 incendie - Panthera Formation\" \/>\n<meta property=\"og:description\" content=\"Formez vous en s\u00e9curit\u00e9 priv\u00e9e, gestion des risques, s\u00e9curit\u00e9 incendie, m\u00e9tiers de la t\u00e9l\u00e9surveillance et a\u00e9roportuaire. Situ\u00e9 \u00e0 chamb\u00e9ry.\" \/>\n<meta property=\"og:url\" content=\"https:\/\/www.panthera.info\/formation\/\" \/>\n<meta property=\"og:site_name\" content=\"Panthera Formation\" \/>\n<meta property=\"article:modified_time\" content=\"2025-11-13T15:38:40+00:00\" \/>\n<meta name=\"twitter:card\" content=\"summary_large_image\" \/>\n<meta name=\"twitter:label1\" content=\"Dur\u00e9e de lecture estim\u00e9e\" \/>\n\t<meta name=\"twitter:data1\" content=\"1 minute\" \/>\n<script type=\"application\/ld+json\" class=\"yoast-schema-graph\">{\"@context\":\"https:\/\/schema.org\",\"@graph\":[{\"@type\":\"WebPage\",\"@id\":\"https:\/\/www.panthera.info\/formation\/\",\"url\":\"https:\/\/www.panthera.info\/formation\/\",\"name\":\"Formation s\u00e9curit\u00e9, s\u00fbret\u00e9 et s\u00e9curit\u00e9 incendie - Panthera Formation\",\"isPartOf\":{\"@id\":\"https:\/\/www.panthera.info\/formation\/#website\"},\"datePublished\":\"2019-09-02T12:10:28+00:00\",\"dateModified\":\"2025-11-13T15:38:40+00:00\",\"description\":\"Formez vous en s\u00e9curit\u00e9 priv\u00e9e, gestion des risques, s\u00e9curit\u00e9 incendie, m\u00e9tiers de la t\u00e9l\u00e9surveillance et a\u00e9roportuaire. Situ\u00e9 \u00e0 chamb\u00e9ry.\",\"breadcrumb\":{\"@id\":\"https:\/\/www.panthera.info\/formation\/#breadcrumb\"},\"inLanguage\":\"fr-FR\",\"potentialAction\":[{\"@type\":\"ReadAction\",\"target\":[\"https:\/\/www.panthera.info\/formation\/\"]}]},{\"@type\":\"BreadcrumbList\",\"@id\":\"https:\/\/www.panthera.info\/formation\/#breadcrumb\",\"itemListElement\":[{\"@type\":\"ListItem\",\"position\":1,\"name\":\"Accueil\",\"item\":\"https:\/\/www.panthera.info\/formation\/\"},{\"@type\":\"ListItem\",\"position\":2,\"name\":\"Accueil\"}]},{\"@type\":\"WebSite\",\"@id\":\"https:\/\/www.panthera.info\/formation\/#website\",\"url\":\"https:\/\/www.panthera.info\/formation\/\",\"name\":\"Panthera Formation\",\"description\":\"\",\"potentialAction\":[{\"@type\":\"SearchAction\",\"target\":{\"@type\":\"EntryPoint\",\"urlTemplate\":\"https:\/\/www.panthera.info\/formation\/?s={search_term_string}\"},\"query-input\":{\"@type\":\"PropertyValueSpecification\",\"valueRequired\":true,\"valueName\":\"search_term_string\"}}],\"inLanguage\":\"fr-FR\"}]}<\/script>\n<!-- \/ Yoast SEO plugin. -->","yoast_head_json":{"title":"Formation s\u00e9curit\u00e9, s\u00fbret\u00e9 et s\u00e9curit\u00e9 incendie - Panthera Formation","description":"Formez vous en s\u00e9curit\u00e9 priv\u00e9e, gestion des risques, s\u00e9curit\u00e9 incendie, m\u00e9tiers de la t\u00e9l\u00e9surveillance et a\u00e9roportuaire. Situ\u00e9 \u00e0 chamb\u00e9ry.","robots":{"index":"index","follow":"follow","max-snippet":"max-snippet:-1","max-image-preview":"max-image-preview:large","max-video-preview":"max-video-preview:-1"},"canonical":"https:\/\/www.panthera.info\/formation\/","og_locale":"fr_FR","og_type":"article","og_title":"Formation s\u00e9curit\u00e9, s\u00fbret\u00e9 et s\u00e9curit\u00e9 incendie - Panthera Formation","og_description":"Formez vous en s\u00e9curit\u00e9 priv\u00e9e, gestion des risques, s\u00e9curit\u00e9 incendie, m\u00e9tiers de la t\u00e9l\u00e9surveillance et a\u00e9roportuaire. Situ\u00e9 \u00e0 chamb\u00e9ry.","og_url":"https:\/\/www.panthera.info\/formation\/","og_site_name":"Panthera Formation","article_modified_time":"2025-11-13T15:38:40+00:00","twitter_card":"summary_large_image","twitter_misc":{"Dur\u00e9e de lecture estim\u00e9e":"1 minute"},"schema":{"@context":"https:\/\/schema.org","@graph":[{"@type":"WebPage","@id":"https:\/\/www.panthera.info\/formation\/","url":"https:\/\/www.panthera.info\/formation\/","name":"Formation s\u00e9curit\u00e9, s\u00fbret\u00e9 et s\u00e9curit\u00e9 incendie - Panthera Formation","isPartOf":{"@id":"https:\/\/www.panthera.info\/formation\/#website"},"datePublished":"2019-09-02T12:10:28+00:00","dateModified":"2025-11-13T15:38:40+00:00","description":"Formez vous en s\u00e9curit\u00e9 priv\u00e9e, gestion des risques, s\u00e9curit\u00e9 incendie, m\u00e9tiers de la t\u00e9l\u00e9surveillance et a\u00e9roportuaire. Situ\u00e9 \u00e0 chamb\u00e9ry.","breadcrumb":{"@id":"https:\/\/www.panthera.info\/formation\/#breadcrumb"},"inLanguage":"fr-FR","potentialAction":[{"@type":"ReadAction","target":["https:\/\/www.panthera.info\/formation\/"]}]},{"@type":"BreadcrumbList","@id":"https:\/\/www.panthera.info\/formation\/#breadcrumb","itemListElement":[{"@type":"ListItem","position":1,"name":"Accueil","item":"https:\/\/www.panthera.info\/formation\/"},{"@type":"ListItem","position":2,"name":"Accueil"}]},{"@type":"WebSite","@id":"https:\/\/www.panthera.info\/formation\/#website","url":"https:\/\/www.panthera.info\/formation\/","name":"Panthera Formation","description":"","potentialAction":[{"@type":"SearchAction","target":{"@type":"EntryPoint","urlTemplate":"https:\/\/www.panthera.info\/formation\/?s={search_term_string}"},"query-input":{"@type":"PropertyValueSpecification","valueRequired":true,"valueName":"search_term_string"}}],"inLanguage":"fr-FR"}]}},"_links":{"self":[{"href":"https:\/\/www.panthera.info\/formation\/wp-json\/wp\/v2\/pages\/9"}],"collection":[{"href":"https:\/\/www.panthera.info\/formation\/wp-json\/wp\/v2\/pages"}],"about":[{"href":"https:\/\/www.panthera.info\/formation\/wp-json\/wp\/v2\/types\/page"}],"author":[{"embeddable":true,"href":"https:\/\/www.panthera.info\/formation\/wp-json\/wp\/v2\/users\/6"}],"replies":[{"embeddable":true,"href":"https:\/\/www.panthera.info\/formation\/wp-json\/wp\/v2\/comments?post=9"}],"version-history":[{"count":163,"href":"https:\/\/www.panthera.info\/formation\/wp-json\/wp\/v2\/pages\/9\/revisions"}],"predecessor-version":[{"id":1171,"href":"https:\/\/www.panthera.info\/formation\/wp-json\/wp\/v2\/pages\/9\/revisions\/1171"}],"wp:attachment":[{"href":"https:\/\/www.panthera.info\/formation\/wp-json\/wp\/v2\/media?parent=9"}],"curies":[{"name":"wp","href":"https:\/\/api.w.org\/{rel}","templated":true}]}}