{"id":24,"date":"2019-11-11T20:03:28","date_gmt":"2019-11-11T19:03:28","guid":{"rendered":"http:\/\/www.prod.panthera.info\/services\/?page_id=24"},"modified":"2025-10-08T11:41:47","modified_gmt":"2025-10-08T09:41:47","slug":"contact","status":"publish","type":"page","link":"https:\/\/www.panthera.info\/services\/panthera-services\/contact\/","title":{"rendered":"Contact"},"content":{"rendered":"<p>[vc_row full_width=&#8221;stretch_row_content&#8221; awb_type=&#8221;color&#8221; awb_stretch=&#8221;1&#8243; awb_color=&#8221;#fafafa&#8221; css=&#8221;.vc_custom_1573497310428{padding-top: 10% !important;padding-right: 10% !important;padding-bottom: 2em !important;padding-left: 10% !important;}&#8221;][vc_column css=&#8221;.vc_custom_1572386358940{padding-top: 5% !important;padding-right: 10% !important;padding-bottom: 5% !important;padding-left: 10% !important;}&#8221;][vc_row_inner][vc_column_inner width=&#8221;1\/2&#8243;][vc_single_image image=&#8221;129&#8243; img_size=&#8221;full&#8221; alignment=&#8221;center&#8221;][\/vc_column_inner][vc_column_inner width=&#8221;1\/2&#8243;]<ul class=\"nk-widget-contact\"><li><span class=\"nk-widget-contact-icon\"><span class=\"ion-ios-mail\"><\/span><\/span>info@pantheragroupe.fr<\/li><li><span class=\"nk-widget-contact-icon\"><span class=\"ion-ios-call\"><\/span><\/span>04 79 96 00 88<\/li><li><span class=\"nk-widget-contact-icon\"><span class=\"ion-ios-home\"><\/span><\/span>245 av. Ren\u00e9 Cassin - 73290 La Motte Servolex<\/li><\/ul>[\/vc_column_inner][\/vc_row_inner][vc_empty_space height=&#8221;3em&#8221;]<div class=' text-center '>Implant\u00e9 historiquement en Rh\u00f4ne-Alpes et leader sur son march\u00e9 dans les\u00a0 <em>Savoie<\/em>, le Groupe Panthera a su \u00e9tendre son savoir-faire au-del\u00e0 des fronti\u00e8res r\u00e9gionales.<\/p>\n<p><b>Le groupe d\u00e9livre des prestations globales et int\u00e9gr\u00e9es de s\u00e9curit\u00e9.<\/b><\/div><h2 class=' nk-title-back text-center '>Contactez-nous<\/h2><h3 class=' nk-title h3 text-center '><\/p>\n<p style=\"text-align: center;\">D\u00e9crivez-nous votre demande et nous y r\u00e9pondrons avec<br \/>\nle plus grand professionnalisme.<\/p>\n<p><\/h3>\n<div class=\"wpcf7 no-js\" id=\"wpcf7-f117-o1\" lang=\"fr-FR\" dir=\"ltr\" data-wpcf7-id=\"117\">\n<div class=\"screen-reader-response\"><p role=\"status\" aria-live=\"polite\" aria-atomic=\"true\"><\/p> <ul><\/ul><\/div>\n<form action=\"\/services\/wp-json\/wp\/v2\/pages\/24#wpcf7-f117-o1\" method=\"post\" class=\"wpcf7-form init\" aria-label=\"Formulaire de contact\" novalidate=\"novalidate\" data-status=\"init\">\n<div style=\"display: none;\">\n<input type=\"hidden\" name=\"_wpcf7\" value=\"117\" \/>\n<input type=\"hidden\" name=\"_wpcf7_version\" value=\"6.0\" \/>\n<input type=\"hidden\" name=\"_wpcf7_locale\" value=\"fr_FR\" \/>\n<input type=\"hidden\" name=\"_wpcf7_unit_tag\" value=\"wpcf7-f117-o1\" \/>\n<input type=\"hidden\" name=\"_wpcf7_container_post\" value=\"0\" \/>\n<input type=\"hidden\" name=\"_wpcf7_posted_data_hash\" value=\"\" \/>\n<input type=\"hidden\" name=\"_wpcf7_recaptcha_response\" value=\"\" \/>\n<\/div>\n<div id=\"formulaire-responsive\" class=\"clearfix\">\n\t<div class=\"rang-form\">\n\t\t<div class=\"demi-colonne\">\n\t\t\t<p><span class=\"wpcf7-form-control-wrap\" data-name=\"nom\"><input size=\"40\" maxlength=\"400\" class=\"wpcf7-form-control wpcf7-text wpcf7-validates-as-required\" aria-required=\"true\" aria-invalid=\"false\" placeholder=\"Nom\" value=\"\" type=\"text\" name=\"nom\" \/><\/span>\n\t\t\t<\/p>\n\t\t<\/div>\n\t\t<div class=\"demi-colonne\">\n\t\t\t<p><span class=\"wpcf7-form-control-wrap\" data-name=\"prenom\"><input size=\"40\" maxlength=\"400\" class=\"wpcf7-form-control wpcf7-text wpcf7-validates-as-required\" aria-required=\"true\" aria-invalid=\"false\" placeholder=\"Pr\u00e9nom\" value=\"\" type=\"text\" name=\"prenom\" \/><\/span>\n\t\t\t<\/p>\n\t\t<\/div>\n\t<\/div>\n\t<div class=\"rang-form\">\n\t\t<div class=\"demi-colonne\">\n\t\t\t<p><span class=\"wpcf7-form-control-wrap\" data-name=\"email\"><input size=\"40\" maxlength=\"400\" class=\"wpcf7-form-control wpcf7-email wpcf7-validates-as-required wpcf7-text wpcf7-validates-as-email\" aria-required=\"true\" aria-invalid=\"false\" placeholder=\"Mail\" value=\"\" type=\"email\" name=\"email\" \/><\/span>\n\t\t\t<\/p>\n\t\t<\/div>\n\t\t<div class=\"demi-colonne\">\n\t\t\t<p><span class=\"wpcf7-form-control-wrap\" data-name=\"phone\"><input size=\"40\" maxlength=\"400\" class=\"wpcf7-form-control wpcf7-text wpcf7-validates-as-required\" aria-required=\"true\" aria-invalid=\"false\" placeholder=\"T\u00e9l\u00e9phone\" value=\"\" type=\"text\" name=\"phone\" \/><\/span>\n\t\t\t<\/p>\n\t\t<\/div>\n\t<\/div>\n\t<div class=\"rang-form\">\n\t\t<div class=\"colonne\">\n\t\t\t<p><span class=\"wpcf7-form-control-wrap\" data-name=\"sujet\"><input size=\"40\" maxlength=\"400\" class=\"wpcf7-form-control wpcf7-text wpcf7-validates-as-required\" aria-required=\"true\" aria-invalid=\"false\" placeholder=\"Sujet\" value=\"\" type=\"text\" name=\"sujet\" \/><\/span>\n\t\t\t<\/p>\n\t\t<\/div>\n\t<\/div>\n\t<div class=\"rang-form\">\n\t\t<div class=\"colonne\">\n\t\t\t<p><span class=\"wpcf7-form-control-wrap\" data-name=\"message\"><textarea cols=\"40\" rows=\"10\" maxlength=\"2000\" class=\"wpcf7-form-control wpcf7-textarea\" aria-invalid=\"false\" placeholder=\"D\u00e9crivez-nous le plus possible votre demande\" name=\"message\"><\/textarea><\/span>\n\t\t\t<\/p>\n\t\t<\/div>\n\t<\/div>\n\t<div class=\"rang-form\">\n\t\t<div class=\"colonne\">\n\t\t\t<p><span class=\"wpcf7-form-control-wrap\" data-name=\"acceptance-915\"><span class=\"wpcf7-form-control wpcf7-acceptance\"><span class=\"wpcf7-list-item\"><label><input type=\"checkbox\" name=\"acceptance-915\" value=\"1\" aria-invalid=\"false\" \/><span class=\"wpcf7-list-item-label\">J\u2019autorise l\u2019utilisation de mes donn\u00e9es personnelles pour permettre au Groupe PANTHERA de r\u00e9pondre \u00e0 ma demande. Pour en savoir plus : <a href=\"https:\/\/www.panthera.info\/politique-de-confidentialite\/\" target=\"_blank\">notre politique de confidentialit\u00e9<\/a><\/span><\/label><\/span><\/span><\/span>\n\t\t\t<\/p>\n\t\t<\/div>\n\t\t<div class=\"colonne\">\n\t\t\t<p><input class=\"wpcf7-form-control wpcf7-submit has-spinner\" type=\"submit\" value=\"Envoyer\" \/>\n\t\t\t<\/p>\n\t\t<\/div>\n\t<\/div>\n<\/div><p style=\"display: none !important;\" class=\"akismet-fields-container\" data-prefix=\"_wpcf7_ak_\"><label>&#916;<textarea name=\"_wpcf7_ak_hp_textarea\" cols=\"45\" rows=\"8\" maxlength=\"100\"><\/textarea><\/label><input type=\"hidden\" id=\"ak_js_1\" name=\"_wpcf7_ak_js\" value=\"138\"\/><script>document.getElementById( \"ak_js_1\" ).setAttribute( \"value\", ( new Date() ).getTime() );<\/script><\/p><div class=\"wpcf7-response-output\" aria-hidden=\"true\"><\/div>\n<\/form>\n<\/div>\n[\/vc_column][\/vc_row][vc_row awb_type=&#8221;color&#8221; awb_stretch=&#8221;1&#8243; awb_color=&#8221;#c6c6c6&#8243; css=&#8221;.vc_custom_1573498445467{margin-bottom: -6em !important;padding-top: 8% !important;padding-bottom: 14% !important;background-color: #cecece !important;}&#8221;][vc_column][vc_row_inner][vc_column_inner width=&#8221;1\/3&#8243;][vc_single_image image=&#8221;27&#8243; img_size=&#8221;full&#8221; alignment=&#8221;center&#8221;][\/vc_column_inner][vc_column_inner width=&#8221;2\/3&#8243;][vc_empty_space height=&#8221;1em&#8221;]<h3 class=' nk-sub-title h3 text-center '><\/p>\n<p style=\"text-align: center;\">Le Groupe <strong>Panthera<\/strong> c&#8217;est aussi<\/p>\n<p><\/h3>[\/vc_column_inner][\/vc_row_inner][vc_empty_space height=&#8221;3em&#8221;][vc_row_inner gap=&#8221;35&#8243; el_class=&#8221;img-panthera&#8221; css=&#8221;.vc_custom_1573498353606{background-color: #ffffff !important;}&#8221;][vc_column_inner width=&#8221;1\/4&#8243;][vc_single_image image=&#8221;30&#8243; img_size=&#8221;full&#8221; alignment=&#8221;center&#8221;][vc_column_text]<\/p>\n<p style=\"text-align: center;\">Pr\u00e9vention-s\u00e9curit\u00e9 \/ T\u00e9l\u00e9surveillance \/ S\u00e9curit\u00e9 incendie<\/p>\n<p>[\/vc_column_text][\/vc_column_inner][vc_column_inner width=&#8221;1\/4&#8243;][vc_single_image image=&#8221;32&#8243; img_size=&#8221;full&#8221; alignment=&#8221;center&#8221;][vc_column_text]<\/p>\n<p style=\"text-align: center;\">Contr\u00f4le d\u2019acc\u00e8s \/\u00a0Vid\u00e9o protection \/\u00a0Incendie Intrusion<\/p>\n<p>[\/vc_column_text][\/vc_column_inner][vc_column_inner width=&#8221;1\/4&#8243;][vc_single_image image=&#8221;28&#8243; img_size=&#8221;full&#8221; alignment=&#8221;center&#8221; onclick=&#8221;custom_link&#8221; link=&#8221;http:\/\/panthera-formation.fr&#8221;][vc_column_text]<\/p>\n<p style=\"text-align: center;\">Formation S\u00e9curit\u00e9 \/\u00a0Incendie \/\u00a0Gestion des risques<\/p>\n<p>[\/vc_column_text][\/vc_column_inner][vc_column_inner width=&#8221;1\/4&#8243;][vc_single_image image=&#8221;139&#8243; img_size=&#8221;full&#8221; alignment=&#8221;center&#8221; onclick=&#8221;custom_link&#8221; link=&#8221;http:\/\/panthera-cfa.fr&#8221;][vc_column_text]<\/p>\n<p style=\"text-align: center;\">Formation Alternance RH \/ Compta\/ Gestion \/ Tourisme<\/p>\n<p>[\/vc_column_text][\/vc_column_inner][\/vc_row_inner][\/vc_column][\/vc_row]<\/p>\n","protected":false},"excerpt":{"rendered":"<p>[vc_row full_width=&#8221;stretch_row_content&#8221; awb_type=&#8221;color&#8221; awb_stretch=&#8221;1&#8243; awb_color=&#8221;#fafafa&#8221; css=&#8221;.vc_custom_1573497310428{padding-top: 10% !important;padding-right: 10% !important;padding-bottom: 2em !important;padding-left: 10% !important;}&#8221;][vc_column css=&#8221;.vc_custom_1572386358940{padding-top: 5% !important;padding-right: 10% !important;padding-bottom: 5% !important;padding-left: 10% !important;}&#8221;][vc_row_inner][vc_column_inner width=&#8221;1\/2&#8243;][vc_single_image image=&#8221;129&#8243; img_size=&#8221;full&#8221; alignment=&#8221;center&#8221;][\/vc_column_inner][vc_column_inner width=&#8221;1\/2&#8243;][\/vc_column_inner][\/vc_row_inner][vc_empty_space height=&#8221;3em&#8221;][\/vc_column][\/vc_row][vc_row awb_type=&#8221;color&#8221; awb_stretch=&#8221;1&#8243; awb_color=&#8221;#c6c6c6&#8243; css=&#8221;.vc_custom_1573498445467{margin-bottom: -6em !important;padding-top: 8% !important;padding-bottom: 14% !important;background-color: #cecece !important;}&#8221;][vc_column][vc_row_inner][vc_column_inner width=&#8221;1\/3&#8243;][vc_single_image image=&#8221;27&#8243; img_size=&#8221;full&#8221; alignment=&#8221;center&#8221;][\/vc_column_inner][vc_column_inner width=&#8221;2\/3&#8243;][vc_empty_space height=&#8221;1em&#8221;][\/vc_column_inner][\/vc_row_inner][vc_empty_space height=&#8221;3em&#8221;][vc_row_inner gap=&#8221;35&#8243; el_class=&#8221;img-panthera&#8221; css=&#8221;.vc_custom_1573498353606{background-color: #ffffff !important;}&#8221;][vc_column_inner width=&#8221;1\/4&#8243;][vc_single_image image=&#8221;30&#8243; [&hellip;]<\/p>\n","protected":false},"author":6,"featured_media":0,"parent":5,"menu_order":3,"comment_status":"closed","ping_status":"closed","template":"","meta":{"_bbp_topic_count":0,"_bbp_reply_count":0,"_bbp_total_topic_count":0,"_bbp_total_reply_count":0,"_bbp_voice_count":0,"_bbp_anonymous_reply_count":0,"_bbp_topic_count_hidden":0,"_bbp_reply_count_hidden":0,"_bbp_forum_subforum_count":0,"_daam_enable_autolinks":"1","footnotes":""},"class_list":["post-24","page","type-page","status-publish","hentry"],"yoast_head":"<!-- This site is optimized with the Yoast SEO plugin v23.7 - https:\/\/yoast.com\/wordpress\/plugins\/seo\/ -->\n<title>Contact - Panthera Services<\/title>\n<meta name=\"robots\" content=\"index, follow, max-snippet:-1, max-image-preview:large, max-video-preview:-1\" \/>\n<link rel=\"canonical\" href=\"https:\/\/www.panthera.info\/services\/panthera-services\/contact\/\" \/>\n<meta property=\"og:locale\" content=\"fr_FR\" \/>\n<meta property=\"og:type\" content=\"article\" \/>\n<meta property=\"og:title\" content=\"Contact - Panthera Services\" \/>\n<meta property=\"og:description\" content=\"[vc_row full_width=&#8221;stretch_row_content&#8221; awb_type=&#8221;color&#8221; awb_stretch=&#8221;1&#8243; awb_color=&#8221;#fafafa&#8221; css=&#8221;.vc_custom_1573497310428{padding-top: 10% !important;padding-right: 10% !important;padding-bottom: 2em !important;padding-left: 10% !important;}&#8221;][vc_column css=&#8221;.vc_custom_1572386358940{padding-top: 5% !important;padding-right: 10% !important;padding-bottom: 5% !important;padding-left: 10% !important;}&#8221;][vc_row_inner][vc_column_inner width=&#8221;1\/2&#8243;][vc_single_image image=&#8221;129&#8243; img_size=&#8221;full&#8221; alignment=&#8221;center&#8221;][\/vc_column_inner][vc_column_inner width=&#8221;1\/2&#8243;][\/vc_column_inner][\/vc_row_inner][vc_empty_space height=&#8221;3em&#8221;][\/vc_column][\/vc_row][vc_row awb_type=&#8221;color&#8221; awb_stretch=&#8221;1&#8243; awb_color=&#8221;#c6c6c6&#8243; css=&#8221;.vc_custom_1573498445467{margin-bottom: -6em !important;padding-top: 8% !important;padding-bottom: 14% !important;background-color: #cecece !important;}&#8221;][vc_column][vc_row_inner][vc_column_inner width=&#8221;1\/3&#8243;][vc_single_image image=&#8221;27&#8243; img_size=&#8221;full&#8221; alignment=&#8221;center&#8221;][\/vc_column_inner][vc_column_inner width=&#8221;2\/3&#8243;][vc_empty_space height=&#8221;1em&#8221;][\/vc_column_inner][\/vc_row_inner][vc_empty_space height=&#8221;3em&#8221;][vc_row_inner gap=&#8221;35&#8243; el_class=&#8221;img-panthera&#8221; css=&#8221;.vc_custom_1573498353606{background-color: #ffffff !important;}&#8221;][vc_column_inner width=&#8221;1\/4&#8243;][vc_single_image image=&#8221;30&#8243; [&hellip;]\" \/>\n<meta property=\"og:url\" content=\"https:\/\/www.panthera.info\/services\/panthera-services\/contact\/\" \/>\n<meta property=\"og:site_name\" content=\"Panthera Services\" \/>\n<meta property=\"article:modified_time\" content=\"2025-10-08T09:41:47+00:00\" \/>\n<meta name=\"twitter:card\" content=\"summary_large_image\" \/>\n<meta name=\"twitter:label1\" content=\"Dur\u00e9e de lecture estim\u00e9e\" \/>\n\t<meta name=\"twitter:data1\" content=\"1 minute\" \/>\n<script type=\"application\/ld+json\" class=\"yoast-schema-graph\">{\"@context\":\"https:\/\/schema.org\",\"@graph\":[{\"@type\":\"WebPage\",\"@id\":\"https:\/\/www.panthera.info\/services\/panthera-services\/contact\/\",\"url\":\"https:\/\/www.panthera.info\/services\/panthera-services\/contact\/\",\"name\":\"Contact - Panthera Services\",\"isPartOf\":{\"@id\":\"https:\/\/www.panthera.info\/services\/#website\"},\"datePublished\":\"2019-11-11T19:03:28+00:00\",\"dateModified\":\"2025-10-08T09:41:47+00:00\",\"breadcrumb\":{\"@id\":\"https:\/\/www.panthera.info\/services\/panthera-services\/contact\/#breadcrumb\"},\"inLanguage\":\"fr-FR\",\"potentialAction\":[{\"@type\":\"ReadAction\",\"target\":[\"https:\/\/www.panthera.info\/services\/panthera-services\/contact\/\"]}]},{\"@type\":\"BreadcrumbList\",\"@id\":\"https:\/\/www.panthera.info\/services\/panthera-services\/contact\/#breadcrumb\",\"itemListElement\":[{\"@type\":\"ListItem\",\"position\":1,\"name\":\"Accueil\",\"item\":\"https:\/\/www.panthera.info\/services\/\"},{\"@type\":\"ListItem\",\"position\":2,\"name\":\"Panthera Services\",\"item\":\"https:\/\/www.panthera.info\/services\/panthera-services\/\"},{\"@type\":\"ListItem\",\"position\":3,\"name\":\"Contact\"}]},{\"@type\":\"WebSite\",\"@id\":\"https:\/\/www.panthera.info\/services\/#website\",\"url\":\"https:\/\/www.panthera.info\/services\/\",\"name\":\"Panthera Services\",\"description\":\"Agence de service et d&#039;accompagnement pour les entreprises\",\"potentialAction\":[{\"@type\":\"SearchAction\",\"target\":{\"@type\":\"EntryPoint\",\"urlTemplate\":\"https:\/\/www.panthera.info\/services\/?s={search_term_string}\"},\"query-input\":{\"@type\":\"PropertyValueSpecification\",\"valueRequired\":true,\"valueName\":\"search_term_string\"}}],\"inLanguage\":\"fr-FR\"}]}<\/script>\n<!-- \/ Yoast SEO plugin. -->","yoast_head_json":{"title":"Contact - Panthera Services","robots":{"index":"index","follow":"follow","max-snippet":"max-snippet:-1","max-image-preview":"max-image-preview:large","max-video-preview":"max-video-preview:-1"},"canonical":"https:\/\/www.panthera.info\/services\/panthera-services\/contact\/","og_locale":"fr_FR","og_type":"article","og_title":"Contact - Panthera Services","og_description":"[vc_row full_width=&#8221;stretch_row_content&#8221; awb_type=&#8221;color&#8221; awb_stretch=&#8221;1&#8243; awb_color=&#8221;#fafafa&#8221; css=&#8221;.vc_custom_1573497310428{padding-top: 10% !important;padding-right: 10% !important;padding-bottom: 2em !important;padding-left: 10% !important;}&#8221;][vc_column css=&#8221;.vc_custom_1572386358940{padding-top: 5% !important;padding-right: 10% !important;padding-bottom: 5% !important;padding-left: 10% !important;}&#8221;][vc_row_inner][vc_column_inner width=&#8221;1\/2&#8243;][vc_single_image image=&#8221;129&#8243; img_size=&#8221;full&#8221; alignment=&#8221;center&#8221;][\/vc_column_inner][vc_column_inner width=&#8221;1\/2&#8243;][\/vc_column_inner][\/vc_row_inner][vc_empty_space height=&#8221;3em&#8221;][\/vc_column][\/vc_row][vc_row awb_type=&#8221;color&#8221; awb_stretch=&#8221;1&#8243; awb_color=&#8221;#c6c6c6&#8243; css=&#8221;.vc_custom_1573498445467{margin-bottom: -6em !important;padding-top: 8% !important;padding-bottom: 14% !important;background-color: #cecece !important;}&#8221;][vc_column][vc_row_inner][vc_column_inner width=&#8221;1\/3&#8243;][vc_single_image image=&#8221;27&#8243; img_size=&#8221;full&#8221; alignment=&#8221;center&#8221;][\/vc_column_inner][vc_column_inner width=&#8221;2\/3&#8243;][vc_empty_space height=&#8221;1em&#8221;][\/vc_column_inner][\/vc_row_inner][vc_empty_space height=&#8221;3em&#8221;][vc_row_inner gap=&#8221;35&#8243; el_class=&#8221;img-panthera&#8221; css=&#8221;.vc_custom_1573498353606{background-color: #ffffff !important;}&#8221;][vc_column_inner width=&#8221;1\/4&#8243;][vc_single_image image=&#8221;30&#8243; [&hellip;]","og_url":"https:\/\/www.panthera.info\/services\/panthera-services\/contact\/","og_site_name":"Panthera Services","article_modified_time":"2025-10-08T09:41:47+00:00","twitter_card":"summary_large_image","twitter_misc":{"Dur\u00e9e de lecture estim\u00e9e":"1 minute"},"schema":{"@context":"https:\/\/schema.org","@graph":[{"@type":"WebPage","@id":"https:\/\/www.panthera.info\/services\/panthera-services\/contact\/","url":"https:\/\/www.panthera.info\/services\/panthera-services\/contact\/","name":"Contact - Panthera Services","isPartOf":{"@id":"https:\/\/www.panthera.info\/services\/#website"},"datePublished":"2019-11-11T19:03:28+00:00","dateModified":"2025-10-08T09:41:47+00:00","breadcrumb":{"@id":"https:\/\/www.panthera.info\/services\/panthera-services\/contact\/#breadcrumb"},"inLanguage":"fr-FR","potentialAction":[{"@type":"ReadAction","target":["https:\/\/www.panthera.info\/services\/panthera-services\/contact\/"]}]},{"@type":"BreadcrumbList","@id":"https:\/\/www.panthera.info\/services\/panthera-services\/contact\/#breadcrumb","itemListElement":[{"@type":"ListItem","position":1,"name":"Accueil","item":"https:\/\/www.panthera.info\/services\/"},{"@type":"ListItem","position":2,"name":"Panthera Services","item":"https:\/\/www.panthera.info\/services\/panthera-services\/"},{"@type":"ListItem","position":3,"name":"Contact"}]},{"@type":"WebSite","@id":"https:\/\/www.panthera.info\/services\/#website","url":"https:\/\/www.panthera.info\/services\/","name":"Panthera Services","description":"Agence de service et d&#039;accompagnement pour les entreprises","potentialAction":[{"@type":"SearchAction","target":{"@type":"EntryPoint","urlTemplate":"https:\/\/www.panthera.info\/services\/?s={search_term_string}"},"query-input":{"@type":"PropertyValueSpecification","valueRequired":true,"valueName":"search_term_string"}}],"inLanguage":"fr-FR"}]}},"_links":{"self":[{"href":"https:\/\/www.panthera.info\/services\/wp-json\/wp\/v2\/pages\/24"}],"collection":[{"href":"https:\/\/www.panthera.info\/services\/wp-json\/wp\/v2\/pages"}],"about":[{"href":"https:\/\/www.panthera.info\/services\/wp-json\/wp\/v2\/types\/page"}],"author":[{"embeddable":true,"href":"https:\/\/www.panthera.info\/services\/wp-json\/wp\/v2\/users\/6"}],"replies":[{"embeddable":true,"href":"https:\/\/www.panthera.info\/services\/wp-json\/wp\/v2\/comments?post=24"}],"version-history":[{"count":9,"href":"https:\/\/www.panthera.info\/services\/wp-json\/wp\/v2\/pages\/24\/revisions"}],"predecessor-version":[{"id":144,"href":"https:\/\/www.panthera.info\/services\/wp-json\/wp\/v2\/pages\/24\/revisions\/144"}],"up":[{"embeddable":true,"href":"https:\/\/www.panthera.info\/services\/wp-json\/wp\/v2\/pages\/5"}],"wp:attachment":[{"href":"https:\/\/www.panthera.info\/services\/wp-json\/wp\/v2\/media?parent=24"}],"curies":[{"name":"wp","href":"https:\/\/api.w.org\/{rel}","templated":true}]}}